{"id":156,"date":"2020-10-04T03:17:25","date_gmt":"2020-10-04T03:17:25","guid":{"rendered":"http:\/\/170.81.229.126:8081\/wordpress\/?page_id=156"},"modified":"2026-04-06T19:45:18","modified_gmt":"2026-04-06T22:45:18","slug":"notas-en-vivo","status":"publish","type":"page","link":"https:\/\/www.elpolitologoyelpolitico.com.ar\/wordpress\/","title":{"rendered":"Notas en Vivo"},"content":{"rendered":"\t\t<div data-elementor-type=\"wp-page\" data-elementor-id=\"156\" class=\"elementor elementor-156\">\n\t\t\t\t\t\t<section class=\"elementor-section elementor-top-section elementor-element elementor-element-56dfd32 elementor-section-boxed elementor-section-height-default elementor-section-height-default\" data-id=\"56dfd32\" data-element_type=\"section\" data-e-type=\"section\">\n\t\t\t\t\t\t<div class=\"elementor-container elementor-column-gap-default\">\n\t\t\t\t\t<div class=\"elementor-column elementor-col-100 elementor-top-column elementor-element elementor-element-5e5f0bb\" data-id=\"5e5f0bb\" data-element_type=\"column\" data-e-type=\"column\">\n\t\t\t<div class=\"elementor-widget-wrap elementor-element-populated\">\n\t\t\t\t\t\t<div class=\"elementor-element elementor-element-554e3bd elementor-widget elementor-widget-html\" data-id=\"554e3bd\" data-element_type=\"widget\" data-e-type=\"widget\" data-widget_type=\"html.default\">\n\t\t\t\t<div class=\"elementor-widget-container\">\n\t\t\t\t\t<a href=\"https:\/\/www.valordolarblue.com.ar\/\" class=\"valordolarblue-widget\" data-width=\"290\" title=\"Precio Dolar Blue\"><b>Dolar Blue<\/b><\/a><script type=\"text\/javascript\">!function(d,s,id){var js,fjs=d.getElementsByTagName(s)[0];if(!d.getElementById(id)){js=d.createElement(s);js.id=id;js.async=true;js.src=\"https:\/\/www.valordolarblue.com.ar\/static\/js\/widget.min.js?2.4\";fjs.parentNode.insertBefore(js,fjs);}}(document,\"script\",\"valordolarblue-widget\");<\/script>\t\t\t\t<\/div>\n\t\t\t\t<\/div>\n\t\t\t\t\t<\/div>\n\t\t<\/div>\n\t\t\t\t\t<\/div>\n\t\t<\/section>\n\t\t\t\t<section class=\"elementor-section elementor-top-section elementor-element elementor-element-2dcea04 elementor-section-height-full elementor-section-full_width elementor-section-items-top elementor-section-height-default\" data-id=\"2dcea04\" data-element_type=\"section\" data-e-type=\"section\">\n\t\t\t\t\t\t<div class=\"elementor-container elementor-column-gap-default\">\n\t\t\t\t\t<div class=\"elementor-column elementor-col-100 elementor-top-column elementor-element elementor-element-32794d1\" data-id=\"32794d1\" data-element_type=\"column\" data-e-type=\"column\">\n\t\t\t<div class=\"elementor-widget-wrap elementor-element-populated\">\n\t\t\t\t\t\t<div class=\"elementor-element elementor-element-6ede40e elementor-widget elementor-widget-wp-widget-newsup_horizontal_vertical_posts\" data-id=\"6ede40e\" data-element_type=\"widget\" data-e-type=\"widget\" data-widget_type=\"wp-widget-newsup_horizontal_vertical_posts.default\">\n\t\t\t\t<div class=\"elementor-widget-container\">\n\t\t\t\t\t\t\t<!-- widget_featured_post -->\n\t\t<div class=\"mg-posts-sec mg-posts-modul-1 widget_featured_post\">\n        \t        \t<!-- mg-sec-title -->\n        \t<div class=\"mg-sec-title\">\n        \t\t<h4>En esta seccion:<\/h4>\n        \t<\/div>\n        \t <!-- \/\/ mg-sec-title -->\n        \t        \t<div class=\"widget_featured_post_inner mg-posts-sec-inner\">\n            \t<!-- mg-posts-sec-inner -->\n                    <!--  post lg -->   \n\t\t\t\t\t\t\t\t\t\t\t\t\t\t\t\t\t\t\t\t\t\t\t<div class=\"mg-blog-post lg back-img\" style=\"background-image: url('https:\/\/www.elpolitologoyelpolitico.com.ar\/wp-content\/uploads\/2026\/05\/PORTADA-4-2.png');\">\n\t\t\t\t\t\t\t<a class=\"link-div\" href=\"https:\/\/www.elpolitologoyelpolitico.com.ar\/wordpress\/2026\/05\/05\/tragedia-en-la-terminal-de-neuquen-una-mujer-de-84-anos-murio-tras-bajar-de-un-colectivo\/\">\n\t\t                \t<\/a>\n\t\t\t\t\t\t<article class=\"bottom\">\n                        \t<span class=\"post-form\"><i class=\"fas fa-camera\"><\/i><\/span>                        \t<div class=\"mg-blog-category\"><a class=\"newsup-categories category-color-1\" href=\"https:\/\/www.elpolitologoyelpolitico.com.ar\/wordpress\/category\/en-esta-seccion\/\" alt=\"Ver todas las entradas en En esta secci\u00f3n:\"> \n                                 En esta secci\u00f3n:\n                             <\/a><\/div> \n                        \t<h4 class=\"title\"> <a href=\"https:\/\/www.elpolitologoyelpolitico.com.ar\/wordpress\/2026\/05\/05\/tragedia-en-la-terminal-de-neuquen-una-mujer-de-84-anos-murio-tras-bajar-de-un-colectivo\/\">Tragedia en la terminal de Neuqu\u00e9n: una mujer de 84 a\u00f1os muri\u00f3 tras bajar de un colectivo<\/a><\/h4>\n                        \t         <div class=\"mg-blog-meta\"> \n                    <span class=\"mg-blog-date\"><i class=\"fas fa-clock\"><\/i>\n            <a href=\"https:\/\/www.elpolitologoyelpolitico.com.ar\/wordpress\/2026\/05\/\">\n                5 de mayo de 2026            <\/a>\n        <\/span>\n            <a class=\"auth\" href=\"https:\/\/www.elpolitologoyelpolitico.com.ar\/wordpress\/author\/lucas\/\">\n            <i class=\"fas fa-user-circle\"><\/i>Lucas Roche        <\/a>\n            <\/div> \n                         \t<\/article>\n\t\t\t\t\t<\/div> <!-- \/post lg -->             \n\t\t\t\t\n\n\t\t\t\t<div class=\"small-list-post\">\n\t\t\t\t\t<!-- small-list-post --> \n\t\t\t\t\t\t\t\t\t\t\t\t\t\t\t\t<!-- small_post -->\n\t\t\t\t\t\t<div class=\"small-post featured-post-2 clearfix\">\n\t\t\t\t\t\t\t\t\t\t\t\t\t<!-- img-small-post -->\n\t\t\t\t\t\t\t<div class=\"img-small-post\">\n\t\t\t\t\t\t\t\t<a href=\"https:\/\/www.elpolitologoyelpolitico.com.ar\/wordpress\/2026\/05\/05\/mendoza-el-nuevo-sistema-de-reconocimiento-facial-logra-su-primera-detencion-de-alto-perfil\/\">\n\t                            \t\t                                \t<img decoding=\"async\" src=\"https:\/\/www.elpolitologoyelpolitico.com.ar\/wp-content\/uploads\/2026\/05\/PORTADA-3-3.png\" alt=\"Mendoza: el nuevo sistema de reconocimiento facial logra su primera detenci\u00f3n de alto perfil\">\n\t                            \t\t                        \t<\/a>\n\t\t\t\t\t\t\t<\/div>\n\t\t\t\t\t\t\t\t\t\t\t\t<!-- \/\/ img-small-post -->\n\t\t\t\t\t\t<!-- small-post-content -->\n\t\t\t\t\t\t<div class=\"small-post-content\">\n\t\t\t\t\t\t<div class=\"mg-blog-category\"><a class=\"newsup-categories category-color-1\" href=\"https:\/\/www.elpolitologoyelpolitico.com.ar\/wordpress\/category\/en-esta-seccion\/\" alt=\"Ver todas las entradas en En esta secci\u00f3n:\"> \n                                 En esta secci\u00f3n:\n                             <\/a><\/div> \n\t\t\t\t\t\t\t<h5 class=\"title\"> <a href=\"https:\/\/www.elpolitologoyelpolitico.com.ar\/wordpress\/2026\/05\/05\/mendoza-el-nuevo-sistema-de-reconocimiento-facial-logra-su-primera-detencion-de-alto-perfil\/\">Mendoza: el nuevo sistema de reconocimiento facial logra su primera detenci\u00f3n de alto perfil<\/a><\/h5>\n\t\t\t\t\t\t<\/div>\n\t\t\t\t\t\t<!-- \/small-post-content -->\n\t\t\t\t\t\t<\/div><!-- \/small_post -->\n\t\t\t\t\t\t\t\t\t\t\t\t\t\t\t\t<!-- small_post -->\n\t\t\t\t\t\t<div class=\"small-post featured-post-3 clearfix\">\n\t\t\t\t\t\t\t\t\t\t\t\t\t<!-- img-small-post -->\n\t\t\t\t\t\t\t<div class=\"img-small-post\">\n\t\t\t\t\t\t\t\t<a href=\"https:\/\/www.elpolitologoyelpolitico.com.ar\/wordpress\/2026\/05\/05\/fallo-definitivo-en-brasil-la-justicia-dejo-firme-la-condena-contra-juan-darthes-por-abuso\/\">\n\t                            \t\t                                \t<img decoding=\"async\" src=\"https:\/\/www.elpolitologoyelpolitico.com.ar\/wp-content\/uploads\/2026\/05\/PORTADA-2-4.png\" alt=\"Fallo definitivo en Brasil: la Justicia dej\u00f3 firme la condena contra Juan Darth\u00e9s por abuso\">\n\t                            \t\t                        \t<\/a>\n\t\t\t\t\t\t\t<\/div>\n\t\t\t\t\t\t\t\t\t\t\t\t<!-- \/\/ img-small-post -->\n\t\t\t\t\t\t<!-- small-post-content -->\n\t\t\t\t\t\t<div class=\"small-post-content\">\n\t\t\t\t\t\t<div class=\"mg-blog-category\"><a class=\"newsup-categories category-color-1\" href=\"https:\/\/www.elpolitologoyelpolitico.com.ar\/wordpress\/category\/en-esta-seccion\/\" alt=\"Ver todas las entradas en En esta secci\u00f3n:\"> \n                                 En esta secci\u00f3n:\n                             <\/a><\/div> \n\t\t\t\t\t\t\t<h5 class=\"title\"> <a href=\"https:\/\/www.elpolitologoyelpolitico.com.ar\/wordpress\/2026\/05\/05\/fallo-definitivo-en-brasil-la-justicia-dejo-firme-la-condena-contra-juan-darthes-por-abuso\/\">Fallo definitivo en Brasil: la Justicia dej\u00f3 firme la condena contra Juan Darth\u00e9s por abuso<\/a><\/h5>\n\t\t\t\t\t\t<\/div>\n\t\t\t\t\t\t<!-- \/small-post-content -->\n\t\t\t\t\t\t<\/div><!-- \/small_post -->\n\t\t\t\t\t\t\t\t\t\t\t\t\t\t\t\t<!-- small_post -->\n\t\t\t\t\t\t<div class=\"small-post featured-post-4 clearfix\">\n\t\t\t\t\t\t\t\t\t\t\t\t\t<!-- img-small-post -->\n\t\t\t\t\t\t\t<div class=\"img-small-post\">\n\t\t\t\t\t\t\t\t<a href=\"https:\/\/www.elpolitologoyelpolitico.com.ar\/wordpress\/2026\/05\/05\/la-ley-se-cumple-santa-fe-comienza-a-multar-a-padres-de-alumnos-bromistas-que-realizaron-amenazas\/\">\n\t                            \t\t                                \t<img decoding=\"async\" src=\"https:\/\/www.elpolitologoyelpolitico.com.ar\/wp-content\/uploads\/2026\/05\/PORTADA-3-2.png\" alt=\"La Ley se cumple: Santa Fe comienza a multar a padres de alumnos \u00abbromistas\u00bb que realizaron amenazas\">\n\t                            \t\t                        \t<\/a>\n\t\t\t\t\t\t\t<\/div>\n\t\t\t\t\t\t\t\t\t\t\t\t<!-- \/\/ img-small-post -->\n\t\t\t\t\t\t<!-- small-post-content -->\n\t\t\t\t\t\t<div class=\"small-post-content\">\n\t\t\t\t\t\t<div class=\"mg-blog-category\"><a class=\"newsup-categories category-color-1\" href=\"https:\/\/www.elpolitologoyelpolitico.com.ar\/wordpress\/category\/en-esta-seccion\/\" alt=\"Ver todas las entradas en En esta secci\u00f3n:\"> \n                                 En esta secci\u00f3n:\n                             <\/a><\/div> \n\t\t\t\t\t\t\t<h5 class=\"title\"> <a href=\"https:\/\/www.elpolitologoyelpolitico.com.ar\/wordpress\/2026\/05\/05\/la-ley-se-cumple-santa-fe-comienza-a-multar-a-padres-de-alumnos-bromistas-que-realizaron-amenazas\/\">La Ley se cumple: Santa Fe comienza a multar a padres de alumnos \u00abbromistas\u00bb que realizaron amenazas<\/a><\/h5>\n\t\t\t\t\t\t<\/div>\n\t\t\t\t\t\t<!-- \/small-post-content -->\n\t\t\t\t\t\t<\/div><!-- \/small_post -->\n\t\t\t\t\t\t\t\t\t\t\t\t\t\t\t\t<!-- small_post -->\n\t\t\t\t\t\t<div class=\"small-post featured-post-5 clearfix\">\n\t\t\t\t\t\t\t\t\t\t\t\t\t<!-- img-small-post -->\n\t\t\t\t\t\t\t<div class=\"img-small-post\">\n\t\t\t\t\t\t\t\t<a href=\"https:\/\/www.elpolitologoyelpolitico.com.ar\/wordpress\/2026\/05\/05\/personas-con-discapacidad-reclaman-porque-ni-la-empresa-ceferino-ni-otra-empresa-en-la-comarca-esta-preparada-para-trasladarlos\/\">\n\t                            \t\t                                \t<img decoding=\"async\" src=\"https:\/\/www.elpolitologoyelpolitico.com.ar\/wp-content\/uploads\/2026\/05\/PORTADA-2-3.png\" alt=\"Personas con discapacidad reclaman porque ni la empresa Ceferino, ni otra empresa en La Comarca, est\u00e1 preparada para trasladarlos\">\n\t                            \t\t                        \t<\/a>\n\t\t\t\t\t\t\t<\/div>\n\t\t\t\t\t\t\t\t\t\t\t\t<!-- \/\/ img-small-post -->\n\t\t\t\t\t\t<!-- small-post-content -->\n\t\t\t\t\t\t<div class=\"small-post-content\">\n\t\t\t\t\t\t<div class=\"mg-blog-category\"><a class=\"newsup-categories category-color-1\" href=\"https:\/\/www.elpolitologoyelpolitico.com.ar\/wordpress\/category\/en-esta-seccion\/\" alt=\"Ver todas las entradas en En esta secci\u00f3n:\"> \n                                 En esta secci\u00f3n:\n                             <\/a><\/div> \n\t\t\t\t\t\t\t<h5 class=\"title\"> <a href=\"https:\/\/www.elpolitologoyelpolitico.com.ar\/wordpress\/2026\/05\/05\/personas-con-discapacidad-reclaman-porque-ni-la-empresa-ceferino-ni-otra-empresa-en-la-comarca-esta-preparada-para-trasladarlos\/\">Personas con discapacidad reclaman porque ni la empresa Ceferino, ni otra empresa en La Comarca, est\u00e1 preparada para trasladarlos<\/a><\/h5>\n\t\t\t\t\t\t<\/div>\n\t\t\t\t\t\t<!-- \/small-post-content -->\n\t\t\t\t\t\t<\/div><!-- \/small_post -->\n\t\t\t\t\t\t\t\t\t\t\t\t\t<\/div>\n\t\t\t\t<!-- \/\/ small-list-post -->\n        \t<\/div>\n        \t<!-- \/\/ mg-posts-sec-inner -->\n\t\t<\/div>\n\t\t<!-- \/\/ widget_featured_post -->\n\n\t\t\t\t\t\t<\/div>\n\t\t\t\t<\/div>\n\t\t\t\t\t<\/div>\n\t\t<\/div>\n\t\t\t\t\t<\/div>\n\t\t<\/section>\n\t\t\t\t<section class=\"elementor-section elementor-top-section elementor-element elementor-element-8df392f elementor-section-boxed elementor-section-height-default elementor-section-height-default\" data-id=\"8df392f\" data-element_type=\"section\" data-e-type=\"section\">\n\t\t\t\t\t\t<div class=\"elementor-container elementor-column-gap-default\">\n\t\t\t\t\t<div class=\"elementor-column elementor-col-100 elementor-top-column elementor-element elementor-element-f2b6acc\" data-id=\"f2b6acc\" data-element_type=\"column\" data-e-type=\"column\">\n\t\t\t<div class=\"elementor-widget-wrap elementor-element-populated\">\n\t\t\t\t\t\t<div class=\"elementor-element elementor-element-b890708 elementor-widget elementor-widget-image\" data-id=\"b890708\" data-element_type=\"widget\" data-e-type=\"widget\" data-widget_type=\"image.default\">\n\t\t\t\t<div class=\"elementor-widget-container\">\n\t\t\t\t\t\t\t\t\t\t\t\t\t\t\t<img fetchpriority=\"high\" decoding=\"async\" width=\"640\" height=\"960\" src=\"https:\/\/www.elpolitologoyelpolitico.com.ar\/wp-content\/uploads\/2026\/04\/IMG-20260406-WA0010-683x1024.jpg\" class=\"attachment-large size-large wp-image-44735\" alt=\"\" srcset=\"https:\/\/www.elpolitologoyelpolitico.com.ar\/wp-content\/uploads\/2026\/04\/IMG-20260406-WA0010-683x1024.jpg 683w, https:\/\/www.elpolitologoyelpolitico.com.ar\/wp-content\/uploads\/2026\/04\/IMG-20260406-WA0010-200x300.jpg 200w, https:\/\/www.elpolitologoyelpolitico.com.ar\/wp-content\/uploads\/2026\/04\/IMG-20260406-WA0010-768x1152.jpg 768w, https:\/\/www.elpolitologoyelpolitico.com.ar\/wp-content\/uploads\/2026\/04\/IMG-20260406-WA0010.jpg 1024w\" sizes=\"(max-width: 640px) 100vw, 640px\" \/>\t\t\t\t\t\t\t\t\t\t\t\t\t\t\t<\/div>\n\t\t\t\t<\/div>\n\t\t\t\t\t<\/div>\n\t\t<\/div>\n\t\t\t\t\t<\/div>\n\t\t<\/section>\n\t\t\t\t<section class=\"elementor-section elementor-top-section elementor-element elementor-element-bd1d0be elementor-section-boxed elementor-section-height-default elementor-section-height-default\" data-id=\"bd1d0be\" data-element_type=\"section\" data-e-type=\"section\">\n\t\t\t\t\t\t<div class=\"elementor-container elementor-column-gap-default\">\n\t\t\t\t\t<div class=\"elementor-column elementor-col-100 elementor-top-column elementor-element elementor-element-c8c7474\" data-id=\"c8c7474\" data-element_type=\"column\" data-e-type=\"column\">\n\t\t\t<div class=\"elementor-widget-wrap elementor-element-populated\">\n\t\t\t\t\t\t<div class=\"elementor-element elementor-element-01b2c63 elementor-widget elementor-widget-wp-widget-newsup_horizontal_vertical_posts\" data-id=\"01b2c63\" data-element_type=\"widget\" data-e-type=\"widget\" data-widget_type=\"wp-widget-newsup_horizontal_vertical_posts.default\">\n\t\t\t\t<div class=\"elementor-widget-container\">\n\t\t\t\t\t\t\t<!-- widget_featured_post -->\n\t\t<div class=\"mg-posts-sec mg-posts-modul-1 widget_featured_post\">\n        \t        \t<!-- mg-sec-title -->\n        \t<div class=\"mg-sec-title\">\n        \t\t<h4>Consultora Politica<\/h4>\n        \t<\/div>\n        \t <!-- \/\/ mg-sec-title -->\n        \t        \t<div class=\"widget_featured_post_inner mg-posts-sec-inner\">\n            \t<!-- mg-posts-sec-inner -->\n                    <!--  post lg -->   \n\t\t\t\t\t\t\t\t\t\t\t\t\t\t\t\t\t\t\t\t\t\t\t<div class=\"mg-blog-post lg back-img\" style=\"background-image: url('https:\/\/www.elpolitologoyelpolitico.com.ar\/wp-content\/uploads\/2023\/03\/IMG-20230325-WA0067.jpg');\">\n\t\t\t\t\t\t\t<a class=\"link-div\" href=\"https:\/\/www.elpolitologoyelpolitico.com.ar\/wordpress\/2023\/03\/25\/democracia-y-proceso-electoral\/\">\n\t\t                \t<\/a>\n\t\t\t\t\t\t<article class=\"bottom\">\n                        \t<span class=\"post-form\"><i class=\"fas fa-camera\"><\/i><\/span>                        \t<div class=\"mg-blog-category\"><a class=\"newsup-categories category-color-1\" href=\"https:\/\/www.elpolitologoyelpolitico.com.ar\/wordpress\/category\/consultora-politica\/\" alt=\"Ver todas las entradas en Consultora Pol\u00edtica\"> \n                                 Consultora Pol\u00edtica\n                             <\/a><\/div> \n                        \t<h4 class=\"title\"> <a href=\"https:\/\/www.elpolitologoyelpolitico.com.ar\/wordpress\/2023\/03\/25\/democracia-y-proceso-electoral\/\">Democracia y Proceso Electoral<\/a><\/h4>\n                        \t         <div class=\"mg-blog-meta\"> \n                    <span class=\"mg-blog-date\"><i class=\"fas fa-clock\"><\/i>\n            <a href=\"https:\/\/www.elpolitologoyelpolitico.com.ar\/wordpress\/2023\/03\/\">\n                25 de marzo de 2023            <\/a>\n        <\/span>\n            <a class=\"auth\" href=\"https:\/\/www.elpolitologoyelpolitico.com.ar\/wordpress\/author\/lucas\/\">\n            <i class=\"fas fa-user-circle\"><\/i>Lucas Roche        <\/a>\n            <\/div> \n                         \t<\/article>\n\t\t\t\t\t<\/div> <!-- \/post lg -->             \n\t\t\t\t\n\n\t\t\t\t<div class=\"small-list-post\">\n\t\t\t\t\t<!-- small-list-post --> \n\t\t\t\t\t\t\t\t\t\t\t\t\t\t\t\t<!-- small_post -->\n\t\t\t\t\t\t<div class=\"small-post featured-post-2 clearfix\">\n\t\t\t\t\t\t\t\t\t\t\t\t\t<!-- img-small-post -->\n\t\t\t\t\t\t\t<div class=\"img-small-post\">\n\t\t\t\t\t\t\t\t<a href=\"https:\/\/www.elpolitologoyelpolitico.com.ar\/wordpress\/2023\/03\/21\/presentamos-nuestra-nueva-seccion\/\">\n\t                            \t\t                                \t<img decoding=\"async\" src=\"https:\/\/www.elpolitologoyelpolitico.com.ar\/wp-content\/uploads\/2020\/10\/cropped-polito2-1.jpg\" alt=\"Presentamos nuestra nueva secci\u00f3n:\">\n\t                            \t\t                        \t<\/a>\n\t\t\t\t\t\t\t<\/div>\n\t\t\t\t\t\t\t\t\t\t\t\t<!-- \/\/ img-small-post -->\n\t\t\t\t\t\t<!-- small-post-content -->\n\t\t\t\t\t\t<div class=\"small-post-content\">\n\t\t\t\t\t\t<div class=\"mg-blog-category\"><a class=\"newsup-categories category-color-1\" href=\"https:\/\/www.elpolitologoyelpolitico.com.ar\/wordpress\/category\/consultora-politica\/\" alt=\"Ver todas las entradas en Consultora Pol\u00edtica\"> \n                                 Consultora Pol\u00edtica\n                             <\/a><\/div> \n\t\t\t\t\t\t\t<h5 class=\"title\"> <a href=\"https:\/\/www.elpolitologoyelpolitico.com.ar\/wordpress\/2023\/03\/21\/presentamos-nuestra-nueva-seccion\/\">Presentamos nuestra nueva secci\u00f3n:<\/a><\/h5>\n\t\t\t\t\t\t<\/div>\n\t\t\t\t\t\t<!-- \/small-post-content -->\n\t\t\t\t\t\t<\/div><!-- \/small_post -->\n\t\t\t\t\t\t\t\t\t\t\t\t\t<\/div>\n\t\t\t\t<!-- \/\/ small-list-post -->\n        \t<\/div>\n        \t<!-- \/\/ mg-posts-sec-inner -->\n\t\t<\/div>\n\t\t<!-- \/\/ widget_featured_post -->\n\n\t\t\t\t\t\t<\/div>\n\t\t\t\t<\/div>\n\t\t\t\t\t<\/div>\n\t\t<\/div>\n\t\t\t\t\t<\/div>\n\t\t<\/section>\n\t\t\t\t<\/div>\n\t\t<div class=\"fb-background-color\">\n\t\t\t  <div \n\t\t\t  \tclass = \"fb-comments\" \n\t\t\t  \tdata-href = \"https:\/\/www.elpolitologoyelpolitico.com.ar\/wordpress\/2023\/03\/21\/presentamos-nuestra-nueva-seccion\/\"\n\t\t\t  \tdata-numposts = \"10\"\n\t\t\t  \tdata-lazy = \"true\"\n\t\t\t\tdata-colorscheme = \"light\"\n\t\t\t\tdata-order-by = \"social\"\n\t\t\t\tdata-mobile=true>\n\t\t\t  <\/div><\/div>\n\t\t  <style>\n\t\t    .fb-background-color {\n\t\t\t\tbackground: #ffffff !important;\n\t\t\t}\n\t\t\t.fb_iframe_widget_fluid_desktop iframe {\n\t\t\t    width: 100% !important;\n\t\t\t}\n\t\t  <\/style>\n\t\t  ","protected":false},"excerpt":{"rendered":"<p>Dolar Blue<\/p>\n","protected":false},"author":1,"featured_media":0,"parent":0,"menu_order":2,"comment_status":"closed","ping_status":"closed","template":"","meta":{"_joinchat":[],"footnotes":""},"class_list":["post-156","page","type-page","status-publish","hentry"],"_links":{"self":[{"href":"https:\/\/www.elpolitologoyelpolitico.com.ar\/wordpress\/wp-json\/wp\/v2\/pages\/156","targetHints":{"allow":["GET"]}}],"collection":[{"href":"https:\/\/www.elpolitologoyelpolitico.com.ar\/wordpress\/wp-json\/wp\/v2\/pages"}],"about":[{"href":"https:\/\/www.elpolitologoyelpolitico.com.ar\/wordpress\/wp-json\/wp\/v2\/types\/page"}],"author":[{"embeddable":true,"href":"https:\/\/www.elpolitologoyelpolitico.com.ar\/wordpress\/wp-json\/wp\/v2\/users\/1"}],"replies":[{"embeddable":true,"href":"https:\/\/www.elpolitologoyelpolitico.com.ar\/wordpress\/wp-json\/wp\/v2\/comments?post=156"}],"version-history":[{"count":42,"href":"https:\/\/www.elpolitologoyelpolitico.com.ar\/wordpress\/wp-json\/wp\/v2\/pages\/156\/revisions"}],"predecessor-version":[{"id":44747,"href":"https:\/\/www.elpolitologoyelpolitico.com.ar\/wordpress\/wp-json\/wp\/v2\/pages\/156\/revisions\/44747"}],"wp:attachment":[{"href":"https:\/\/www.elpolitologoyelpolitico.com.ar\/wordpress\/wp-json\/wp\/v2\/media?parent=156"}],"curies":[{"name":"wp","href":"https:\/\/api.w.org\/{rel}","templated":true}]}}